{"id":44,"date":"2012-10-01T20:01:40","date_gmt":"2012-10-01T18:01:40","guid":{"rendered":"http:\/\/www.listx.de\/bauernstuebl2\/?page_id=44"},"modified":"2015-03-27T10:35:16","modified_gmt":"2015-03-27T09:35:16","slug":"home","status":"publish","type":"page","link":"http:\/\/www.listx.de\/bauernstuebl\/","title":{"rendered":"Home"},"content":{"rendered":"<p><img loading=\"lazy\" decoding=\"async\" class=\"alignright size-full wp-image-477\" src=\"http:\/\/www.listx.de\/bauernstuebl\/wp-content\/uploads\/2012\/10\/home.jpg\" alt=\"home\" width=\"300\" height=\"790\" srcset=\"http:\/\/www.listx.de\/bauernstuebl\/wp-content\/uploads\/2012\/10\/home.jpg 300w, http:\/\/www.listx.de\/bauernstuebl\/wp-content\/uploads\/2012\/10\/home-114x300.jpg 114w\" sizes=\"auto, (max-width: 300px) 100vw, 300px\" \/><\/p>\n<h4>Die Pension Bauernst\u00fcbl hei\u00dft Sie herzlich Willkommen.<\/h4>\n<p>Unsere familiengef\u00fchrte Pension liegt ruhig gelegen am Rande des Waldhufendorfs Crottendorf inmitten des wundersch\u00f6nen Erzgebirges.<\/p>\n<p>Genie\u00dfen sie unsere Gastfreundschaft in den 4 Doppelzimmern (alles Nichtraucherzimmer). Tiere sind in unserer Pension leider nicht erw\u00fcnscht.<\/p>\n<p>Beginnen sie Ihren Tag bei einem umfangreichen Fr\u00fchst\u00fcck, und lassen sie ihn gem\u00fctlich am Kaminfeuer, auf der Terrasse oder bei einem Billardspiel ausklingen.<\/p>\n<p>Von Crottendorf aus k\u00f6nnen Sie wundersch\u00f6ne Tagestouren zu Fu\u00df, mit dem Rad oder motorisiert durch unser Erzgebirge starten. Nur 50m von der Pension entfernt befindet sich der insgesamt 137km lange Rad- und Wanderweg, welcher sich von Oberwiesenthal entlang des sch\u00f6nen Zschopautals bis nach D\u00f6beln erstreckt.<\/p>\n<p>Im Winter k\u00f6nnen Sie Ihre Skiwanderung direkt vor unserer Haust\u00fcr auf dem Skiwanderweg rund um Crottendorf mit Anbindung an die benachbarten Skiloipen beginnen.<\/p>\n<p>Nach Annaberg-Buchholz, der Gro\u00dfen Kreis-und Bergstadt, sind es nur ca.12 km. Den Kur-und Wintersportort Oberwiesenthal erreichen Sie in ca.20 Minuten mit dem Auto.<\/p>\n<p>Ein hauseigener Shuttle steht bei Bedarf (Abholung vom Bahnhof Annaberg-Buchholz) zur Verf\u00fcgung.<\/p>\n<p>Ihre An- und Abreise k\u00f6nnen Sie individuell planen oder mit uns absprechen.<\/p>\n<p><img loading=\"lazy\" decoding=\"async\" class=\"alignnone size-full wp-image-452\" src=\"http:\/\/www.listx.de\/bauernstuebl\/wp-content\/uploads\/2012\/10\/winter_1.png\" alt=\"winter_1\" width=\"319\" height=\"202\" srcset=\"http:\/\/www.listx.de\/bauernstuebl\/wp-content\/uploads\/2012\/10\/winter_1.png 319w, http:\/\/www.listx.de\/bauernstuebl\/wp-content\/uploads\/2012\/10\/winter_1-300x190.png 300w\" sizes=\"auto, (max-width: 319px) 100vw, 319px\" \/>\u00a0\u00a0\u00a0\u00a0<img loading=\"lazy\" decoding=\"async\" class=\"alignnone size-full wp-image-547\" src=\"http:\/\/www.listx.de\/bauernstuebl\/wp-content\/uploads\/2012\/10\/ansicht-sommer.jpg\" alt=\"ansicht-sommer\" width=\"319\" height=\"202\" srcset=\"http:\/\/www.listx.de\/bauernstuebl\/wp-content\/uploads\/2012\/10\/ansicht-sommer.jpg 319w, http:\/\/www.listx.de\/bauernstuebl\/wp-content\/uploads\/2012\/10\/ansicht-sommer-300x190.jpg 300w\" sizes=\"auto, (max-width: 319px) 100vw, 319px\" \/><\/p>\n","protected":false},"excerpt":{"rendered":"<p>Die Pension Bauernst\u00fcbl hei\u00dft Sie herzlich Willkommen. Unsere familiengef\u00fchrte Pension liegt ruhig gelegen am Rande des Waldhufendorfs Crottendorf inmitten des wundersch\u00f6nen Erzgebirges. Genie\u00dfen sie unsere Gastfreundschaft in den 4 Doppelzimmern (alles Nichtraucherzimmer). Tiere sind in unserer Pension leider nicht erw\u00fcnscht. Beginnen sie Ihren Tag bei einem umfangreichen Fr\u00fchst\u00fcck, und lassen sie ihn gem\u00fctlich am Kaminfeuer, [&hellip;]<\/p>\n","protected":false},"author":1,"featured_media":0,"parent":0,"menu_order":0,"comment_status":"closed","ping_status":"closed","template":"","meta":{"footnotes":""},"class_list":["post-44","page","type-page","status-publish","hentry","post"],"_links":{"self":[{"href":"http:\/\/www.listx.de\/bauernstuebl\/wp-json\/wp\/v2\/pages\/44","targetHints":{"allow":["GET"]}}],"collection":[{"href":"http:\/\/www.listx.de\/bauernstuebl\/wp-json\/wp\/v2\/pages"}],"about":[{"href":"http:\/\/www.listx.de\/bauernstuebl\/wp-json\/wp\/v2\/types\/page"}],"author":[{"embeddable":true,"href":"http:\/\/www.listx.de\/bauernstuebl\/wp-json\/wp\/v2\/users\/1"}],"replies":[{"embeddable":true,"href":"http:\/\/www.listx.de\/bauernstuebl\/wp-json\/wp\/v2\/comments?post=44"}],"version-history":[{"count":79,"href":"http:\/\/www.listx.de\/bauernstuebl\/wp-json\/wp\/v2\/pages\/44\/revisions"}],"predecessor-version":[{"id":551,"href":"http:\/\/www.listx.de\/bauernstuebl\/wp-json\/wp\/v2\/pages\/44\/revisions\/551"}],"wp:attachment":[{"href":"http:\/\/www.listx.de\/bauernstuebl\/wp-json\/wp\/v2\/media?parent=44"}],"curies":[{"name":"wp","href":"https:\/\/api.w.org\/{rel}","templated":true}]}}